{"id":508,"date":"2021-04-17T17:47:08","date_gmt":"2021-04-17T17:47:08","guid":{"rendered":"https:\/\/owlsomenglish.com\/?page_id=508"},"modified":"2023-11-01T16:25:52","modified_gmt":"2023-11-01T16:25:52","slug":"o-mnie","status":"publish","type":"page","link":"https:\/\/owlsomenglish.com\/index.php\/o-mnie\/","title":{"rendered":"O mnie"},"content":{"rendered":"<p>[et_pb_section fb_built=&#8221;1&#8243; _builder_version=&#8221;4.16&#8243; _module_preset=&#8221;default&#8221; custom_padding=&#8221;||40px|||&#8221; global_colors_info=&#8221;{}&#8221;][et_pb_row column_structure=&#8221;3_5,2_5&#8243; _builder_version=&#8221;4.21.0&#8243; _module_preset=&#8221;default&#8221; hover_enabled=&#8221;0&#8243; global_colors_info=&#8221;{}&#8221; make_equal=&#8221;on&#8221; sticky_enabled=&#8221;0&#8243; width=&#8221;auto&#8221; custom_css_main_element=&#8221;align-items:center;&#8221; custom_padding=&#8221;||49px|||&#8221;][et_pb_column type=&#8221;3_5&#8243; _builder_version=&#8221;4.21.0&#8243; _module_preset=&#8221;default&#8221; hover_enabled=&#8221;0&#8243; global_colors_info=&#8221;{}&#8221; custom_css_main_element=&#8221;align-items:center;&#8221; sticky_enabled=&#8221;0&#8243;][et_pb_text _builder_version=&#8221;4.21.0&#8243; _module_preset=&#8221;default&#8221; width=&#8221;92.4%&#8221; custom_margin=&#8221;|29px||||&#8221; custom_padding=&#8221;|0px|1px|||&#8221; hover_enabled=&#8221;0&#8243; global_colors_info=&#8221;{}&#8221; sticky_enabled=&#8221;0&#8243; header_font=&#8221;Georgia|600|||||||&#8221;]<\/p>\n<h1 style=\"text-align: center;\">OwlsomeEnglish &#8211; angielski online<\/h1>\n<p>&nbsp;<\/p>\n<p style=\"text-align: justify;\">Angielski wydaje Ci si\u0119 zawi\u0142y jak mapa relacji w 'Modzie na sukces&#8217;? Dobrze trafi\u0142e\u015b. Ale zanim o tym, s\u0142\u00f3wko o mnie.<\/p>\n<p style=\"text-align: justify;\">Hello! I&#8217;m Marta! Przez kilka lat pracowa\u0142am jako nauczycielka, lektor w szko\u0142ach j\u0119zykowych. Prowadz\u0105c angielski online jak i tradycyjnie &#8211; ucz\u0105c doros\u0142ych i dzieci. Prowadzi\u0142am warsztaty j\u0119zykowe i plastyczne. Stworzy\u0142am wiele materia\u0142\u00f3w dydaktycznych i gier. Praca w szko\u0142ach i centrach edukacyjnych ma wiele zalet. Jednak ma te\u017c wady.<\/p>\n<p style=\"text-align: justify;\">Za\u0142o\u017cy\u0142am wi\u0119c OwlsomeEnglish. Nie pracuj\u0119 jedn\u0105, narzucon\u0105 metod\u0105\u00a0 i nie musz\u0119 ka\u017cdego do niej dopasowywa\u0107 (jak cz\u0119sto ma to miejsce w plac\u00f3wkach). Mam mo\u017cliwo\u015b\u0107 dopasowania metody do ucznia i klienta. Owlsome*English powsta\u0142o z pasji do nauki nauczania, j\u0119zyka i&#8230; s\u00f3w (ang. owls).<\/p>\n<p style=\"text-align: justify;\">Prowadz\u0119 r\u00f3wnie\u017c <a href=\"https:\/\/www.instagram.com\/owlwaysbeowlsome\/\" target=\"_blank\" rel=\"noopener\">Instagram<\/a> oraz fanpage na <a href=\"https:\/\/www.facebook.com\/OwlwaysBeOwlsome\/\">Facebook.<\/a>\u00a0Mo\u017cna tam znale\u017a\u0107 typowe porady j\u0119zykowe, ale te\u017c graficzne wyja\u015bnienia idiom\u00f3w i fraz, gry s\u0142owne, wywiady po angielsku i wiele wi\u0119cej. Tak dla relaksu.<\/p>\n<p style=\"text-align: justify;\">*Owlsome to gra s\u0142\u00f3w. Po\u0142\u0105czenie wyraz\u00f3w &#8222;awesome&#8221; (robi\u0105cy wra\u017cenie, odlotowy, niesamowity) oraz &#8222;owl&#8221; (sowa). Ha! Taka bystrzacha ze mnie!<\/p>\n<p>[\/et_pb_text][\/et_pb_column][et_pb_column type=&#8221;2_5&#8243; _builder_version=&#8221;4.21.0&#8243; _module_preset=&#8221;default&#8221; hover_enabled=&#8221;0&#8243; global_colors_info=&#8221;{}&#8221; sticky_enabled=&#8221;0&#8243; custom_css_main_element=&#8221;align-items:center;&#8221;][et_pb_image src=&#8221;https:\/\/owlsomenglish.com\/wp-content\/uploads\/2021\/07\/Angielski_online_konwersacje-1.png&#8221; alt=&#8221;Angielski online konwersacje dla doros\u0142ych&#8221; title_text=&#8221;Angielski_online_konwersacje&#8221; _builder_version=&#8221;4.21.0&#8243; _module_preset=&#8221;default&#8221; hover_enabled=&#8221;0&#8243; global_colors_info=&#8221;{}&#8221; border_radii=&#8221;on|342px|342px|342px|342px&#8221; sticky_enabled=&#8221;0&#8243; custom_css_main_element=&#8221;align-items:center;&#8221; custom_css_main_element_last_edited=&#8221;off|desktop&#8221;][\/et_pb_image][\/et_pb_column][\/et_pb_row][et_pb_row column_structure=&#8221;1_4,1_4,1_4,1_4&#8243; _builder_version=&#8221;4.16&#8243; _module_preset=&#8221;default&#8221; custom_padding=&#8221;38px|||||&#8221; global_colors_info=&#8221;{}&#8221;][et_pb_column type=&#8221;1_4&#8243; _builder_version=&#8221;4.16&#8243; _module_preset=&#8221;default&#8221; global_colors_info=&#8221;{}&#8221;][et_pb_text _builder_version=&#8221;4.16&#8243; _module_preset=&#8221;default&#8221; custom_margin=&#8221;||10px|||&#8221; global_colors_info=&#8221;{}&#8221;]<\/p>\n<p>Masz wi\u0119cej pyta\u0144? <a href=\"https:\/\/owlsomenglish.com\/index.php\/kontakt\/\" target=\"_blank\" rel=\"noopener\">Napisz lub zadzwo\u0144<\/a> do mnie.<\/p>\n<p>[\/et_pb_text][et_pb_image src=&#8221;https:\/\/owlsomenglish.com\/wp-content\/uploads\/2021\/03\/156740974_446997626551804_8906329835012185579_n.png&#8221; alt=&#8221;Angielski online dla doros\u0142ych i dzieci. Konwersacje, korepetycje&#8221; title_text=&#8221;Owlsome ENglish Angielski online&#8221; _builder_version=&#8221;4.16&#8243; _module_preset=&#8221;default&#8221; custom_margin=&#8221;-1px|||||&#8221; custom_padding=&#8221;|||0px||&#8221; global_colors_info=&#8221;{}&#8221;][\/et_pb_image][\/et_pb_column][et_pb_column type=&#8221;1_4&#8243; _builder_version=&#8221;4.16&#8243; _module_preset=&#8221;default&#8221; global_colors_info=&#8221;{}&#8221;][et_pb_text _builder_version=&#8221;4.16&#8243; _module_preset=&#8221;default&#8221; global_colors_info=&#8221;{}&#8221;]<\/p>\n<p>Owlsome English &#8211; Angielski online<\/p>\n<p>Marta Kami\u0144ska<\/p>\n<p><a href=\"mailto:office@owlsomenglish.com\">office@owlsomenglish.com<\/a><\/p>\n<p>+48 573 430 240<\/p>\n<p>[\/et_pb_text][\/et_pb_column][et_pb_column type=&#8221;1_4&#8243; _builder_version=&#8221;4.16&#8243; _module_preset=&#8221;default&#8221; global_colors_info=&#8221;{}&#8221;][et_pb_text _builder_version=&#8221;4.16&#8243; _module_preset=&#8221;default&#8221; custom_margin=&#8221;||11px|||&#8221; global_colors_info=&#8221;{}&#8221;]<\/p>\n<p><a href=\"https:\/\/owlsomenglish.com\/index.php\/zarezerwuj-lekcje\/\" target=\"_blank\" rel=\"noopener\">Sprawd\u017a termin<\/a>, <a href=\"https:\/\/owlsomenglish.com\/index.php\/zarezerwuj-lekcje\/\" target=\"_blank\" rel=\"noopener\">zarezerwuj<\/a> lekcj\u0119 online i spotkajmy si\u0119 na Skype!<\/p>\n<p>Do zobaczenia!<\/p>\n<p>[\/et_pb_text][\/et_pb_column][et_pb_column type=&#8221;1_4&#8243; _builder_version=&#8221;4.16&#8243; _module_preset=&#8221;default&#8221; global_colors_info=&#8221;{}&#8221;][et_pb_image src=&#8221;https:\/\/owlsomenglish.com\/wp-content\/uploads\/2021\/07\/Cele-jezykowe-Angielski_online_konwersacje.png&#8221; alt=&#8221;Angielski online konwersacje dla doros\u0142ych&#8221; title_text=&#8221;Cele j\u0119zykowe-Angielski_online_konwersacje&#8221; _builder_version=&#8221;4.16&#8243; _module_preset=&#8221;default&#8221; width=&#8221;90.7%&#8221; global_colors_info=&#8221;{}&#8221;][\/et_pb_image][\/et_pb_column][\/et_pb_row][\/et_pb_section]<\/p>\n","protected":false},"excerpt":{"rendered":"<p>OwlsomeEnglish &#8211; angielski online &nbsp; Angielski wydaje Ci si\u0119 zawi\u0142y jak mapa relacji w 'Modzie na sukces&#8217;? Dobrze trafi\u0142e\u015b. Ale zanim o tym, s\u0142\u00f3wko o mnie. Hello! I&#8217;m Marta! Przez kilka lat pracowa\u0142am jako nauczycielka, lektor w szko\u0142ach j\u0119zykowych. Prowadz\u0105c angielski online jak i tradycyjnie &#8211; ucz\u0105c doros\u0142ych i dzieci. Prowadzi\u0142am warsztaty j\u0119zykowe i plastyczne. [&hellip;]<\/p>\n","protected":false},"author":1,"featured_media":493,"parent":0,"menu_order":1,"comment_status":"closed","ping_status":"closed","template":"","meta":{"_et_pb_use_builder":"on","_et_pb_old_content":"","_et_gb_content_width":"","footnotes":""},"class_list":["post-508","page","type-page","status-publish","has-post-thumbnail","hentry"],"aioseo_notices":[],"_links":{"self":[{"href":"https:\/\/owlsomenglish.com\/index.php\/wp-json\/wp\/v2\/pages\/508","targetHints":{"allow":["GET"]}}],"collection":[{"href":"https:\/\/owlsomenglish.com\/index.php\/wp-json\/wp\/v2\/pages"}],"about":[{"href":"https:\/\/owlsomenglish.com\/index.php\/wp-json\/wp\/v2\/types\/page"}],"author":[{"embeddable":true,"href":"https:\/\/owlsomenglish.com\/index.php\/wp-json\/wp\/v2\/users\/1"}],"replies":[{"embeddable":true,"href":"https:\/\/owlsomenglish.com\/index.php\/wp-json\/wp\/v2\/comments?post=508"}],"version-history":[{"count":20,"href":"https:\/\/owlsomenglish.com\/index.php\/wp-json\/wp\/v2\/pages\/508\/revisions"}],"predecessor-version":[{"id":1402,"href":"https:\/\/owlsomenglish.com\/index.php\/wp-json\/wp\/v2\/pages\/508\/revisions\/1402"}],"wp:featuredmedia":[{"embeddable":true,"href":"https:\/\/owlsomenglish.com\/index.php\/wp-json\/wp\/v2\/media\/493"}],"wp:attachment":[{"href":"https:\/\/owlsomenglish.com\/index.php\/wp-json\/wp\/v2\/media?parent=508"}],"curies":[{"name":"wp","href":"https:\/\/api.w.org\/{rel}","templated":true}]}}