{"id":1100,"date":"2022-01-07T19:39:21","date_gmt":"2022-01-07T19:39:21","guid":{"rendered":"https:\/\/owlsomenglish.com\/?page_id=1100"},"modified":"2024-06-04T12:33:52","modified_gmt":"2024-06-04T12:33:52","slug":"regulamin-promocji","status":"publish","type":"page","link":"https:\/\/owlsomenglish.com\/index.php\/privacy-policy\/regulamin-promocji\/","title":{"rendered":"Regulamin promocji &#8222;W pakiecie taniej&#8221;"},"content":{"rendered":"<p>[et_pb_section fb_built=&#8221;1&#8243; admin_label=&#8221;FAQ&#8221; _builder_version=&#8221;4.16&#8243; custom_padding=&#8221;0px|||||&#8221; global_colors_info=&#8221;{}&#8221;][et_pb_row _builder_version=&#8221;4.16&#8243; max_width=&#8221;1280px&#8221; custom_margin=&#8221;-29px|auto||auto||&#8221; custom_padding=&#8221;27px|||||&#8221; use_custom_width=&#8221;on&#8221; custom_width_px=&#8221;1280px&#8221; global_colors_info=&#8221;{}&#8221;][et_pb_column type=&#8221;4_4&#8243; _builder_version=&#8221;4.16&#8243; custom_padding=&#8221;|||&#8221; global_colors_info=&#8221;{}&#8221; custom_padding__hover=&#8221;|||&#8221;][et_pb_text module_id=&#8221;regulamin&#8221; _builder_version=&#8221;4.16&#8243; text_font=&#8221;||||||||&#8221; text_font_size=&#8221;16px&#8221; text_line_height=&#8221;2em&#8221; ul_font=&#8221;||||||||&#8221; ol_font=&#8221;||||||||&#8221; header_font=&#8221;||||||||&#8221; header_2_font=&#8221;EB Garamond||||||||&#8221; header_2_font_size=&#8221;50px&#8221; header_2_line_height=&#8221;1.3em&#8221; header_3_font=&#8221;||||||||&#8221; header_4_font=&#8221;|700||on|||||&#8221; header_4_text_color=&#8221;#ffdaa4&#8243; header_4_font_size=&#8221;12px&#8221; header_4_letter_spacing=&#8221;2px&#8221; header_4_line_height=&#8221;2em&#8221; header_5_font=&#8221;||||||||&#8221; header_6_font=&#8221;||||||||&#8221; custom_padding=&#8221;0px|||||&#8221; header_2_font_size_tablet=&#8221;40px&#8221; header_2_font_size_phone=&#8221;30px&#8221; header_2_font_size_last_edited=&#8221;on|phone&#8221; locked=&#8221;off&#8221; global_colors_info=&#8221;{}&#8221;]<\/p>\n<h4><\/h4>\n<h2 style=\"text-align: center;\">Regulamin promocji &#8222;W pakiecie taniej&#8221;<\/h2>\n<p>[\/et_pb_text][\/et_pb_column][\/et_pb_row][et_pb_row column_structure=&#8221;3_4,1_4&#8243; _builder_version=&#8221;4.16&#8243; _module_preset=&#8221;default&#8221; custom_padding=&#8221;4px|||||&#8221; global_colors_info=&#8221;{}&#8221;][et_pb_column type=&#8221;3_4&#8243; _builder_version=&#8221;4.16&#8243; _module_preset=&#8221;default&#8221; global_colors_info=&#8221;{}&#8221;][et_pb_text _builder_version=&#8221;4.24.3&#8243; _module_preset=&#8221;default&#8221; hover_enabled=&#8221;0&#8243; global_colors_info=&#8221;{}&#8221; sticky_enabled=&#8221;0&#8243;]<\/p>\n<p>Niniejszy Regulamin okre\u015bla zasady, zakres i warunki uczestnictwa w zaj\u0119ciach Owlsome English, zwanego dalej <strong>Organizatorem, <\/strong>w ramach promocji &#8222;W pakiecie taniej&#8221;. Uczestnik zaj\u0119\u0107 zwany jest <strong>Uczestnikiem<\/strong> lub <strong>S\u0142uchaczem<\/strong>.<\/p>\n<p>&nbsp;<\/p>\n<h4><strong>\u00a71. Warunki uczestnictwa w zaj\u0119ciach:<\/strong><\/h4>\n<p>1. W zaj\u0119ciach mo\u017ce uczestniczy\u0107 s\u0142uchacz, kt\u00f3ry:<\/p>\n<p>a) zapozna\u0142 si\u0119 z niniejszym regulaminem i zobowi\u0105za\u0142 si\u0119 do jego przestrzegania (w przypadku uczni\u00f3w niepe\u0142noletnich obowi\u0105zek zapoznania si\u0119 z regulaminem dotyczy rodzic\u00f3w\/opiekun\u00f3w prawnych ucznia). Op\u0142acenie zaj\u0119\u0107 jest r\u00f3wnoznaczne z akceptacj\u0105 regulaminu.<\/p>\n<p>b) <strong>uregulowa\u0142 op\u0142at\u0119 za wszystkie zaj\u0119cia na minimum 24 godziny przed planowanymi zaj\u0119ciami<\/strong> (liczone od daty zaksi\u0119gowania kwoty na koncie),<\/p>\n<p>c) stosuje si\u0119 do zasad regulaminu,<\/p>\n<p>d) bierze systematyczny i aktywny udzia\u0142 w zaj\u0119ciach.<\/p>\n<p>&nbsp;<\/p>\n<h4><strong> \u00a72. Organizacja zaj\u0119\u0107:<\/strong><\/h4>\n<p>1. Zaj\u0119cia organizowane s\u0105 w trybie 6 lekcji op\u0142acanych jednorazowo w kwocie r\u00f3wnej 6 lekcjom o danej d\u0142ugo\u015bci trwania &#8211; 45 minut, 60 minut lub 90 minut. Aby kontynuowa\u0107 nauk\u0119 nale\u017cy ponownie ui\u015bci\u0107 op\u0142at\u0119 i zarezerwowa\u0107 terminy na nast\u0119pny miesi\u0105c.<\/p>\n<p><strong>2. Op\u0142at\u0119 za kurs uiszcza si\u0119 przelewem na konto o numerze: <span>14116022020000000502516230<\/span><\/strong><\/p>\n<p>3. Gwarancj\u0105 rezerwacji termin\u00f3w lekcji jest zaksi\u0119gowanie na koncie Organizatora op\u0142aty za zaj\u0119cia. Okres pomi\u0119dzy zaksi\u0119gowaniem wp\u0142aty a terminem rozpocz\u0119cia pierwszej lekcji nie mo\u017ce by\u0107 kr\u00f3tszy ni\u017c 24 godziny. Brak op\u0142aty za zaj\u0119cia skutkuje nie rozpocz\u0119ciem zaj\u0119\u0107.<\/p>\n<p>4. Op\u0142acona ilo\u015b\u0107 zaj\u0119\u0107 to ilo\u015b\u0107 zaj\u0119\u0107 do wykorzystania w konkretnym przedziale czasowym:<\/p>\n<p>a. w przypadku zaj\u0119\u0107 <strong>jeden raz w tygodniu<\/strong> &#8211; pakiet 6 lekcji <strong>nale\u017cy wykorzysta\u0107 w ci\u0105gu 7 tygodni<\/strong>, liczonych od daty pierwszych zaj\u0119\u0107.<\/p>\n<p>b. w przypadku zaj\u0119\u0107 <strong>dwa razy\u00a0w tygodniu<\/strong> &#8211; pakiet 6 lekcji <strong>nale\u017cy wykorzysta\u0107 w ci\u0105gu 4 tygodni<\/strong>, liczonych od daty pierwszych zaj\u0119\u0107.<\/p>\n<p>c. w przypadku zaj\u0119\u0107 <strong>trzy razy w tygodniu<\/strong> &#8211; pakiet 6 lekcji <strong>nale\u017cy wykorzysta\u0107 w ci\u0105gu 13 dni roboczych<\/strong>, liczonych od daty pierwszych zaj\u0119\u0107.<\/p>\n<p>5. Ustalone przez uczestnika <strong>terminy zaj\u0119\u0107<\/strong> w promocyjnej cenie <strong>nie podlegaj\u0105 zmianie i odwo\u0142aniu<\/strong>.<\/p>\n<p>6. Ewentualna zmiana terminu zaj\u0119\u0107 przez Organizatora:<\/p>\n<p>a) nie wi\u0105\u017ce si\u0119 z poniesieniem koszt\u00f3w przez uczestnika.<\/p>\n<p>b) Owsome English zastrzega sobie prawo do odwo\u0142ania zaj\u0119\u0107 w nag\u0142ych sytuacjach losowych. W takiej sytuacji zaj\u0119cia nie przepadaj\u0105, ale s\u0105 odrabiane w innym, mo\u017cliwie najszybszym terminie.<\/p>\n<p>7. Uczestnictwo w zaj\u0119ciach w ramach promocji &#8222;W pakiecie taniej&#8221; r\u00f3wnoznaczne jest ze zgod\u0105 Uczestnika na <strong>brak zwrotu<\/strong> pieni\u0119dzy w przypadku rezygnacji przed wykorzystaniem lekcji z pakietu.<\/p>\n<p>8. Nieobecno\u015bci na zaj\u0119ciach nie stanowi\u0105 podstawy do zwrotu op\u0142aty, niezale\u017cnie od powodu lub czasu trwania nieobecno\u015bci.<\/p>\n<p>9. Obecno\u015b\u0107 na zaj\u0119ciach liczy si\u0119 od momentu rozpocz\u0119cia po\u0142\u0105czenia. W przypadku zerwania po\u0142\u0105czenia Organizator zastrzega sobie prawo do przeprowadzenia zaj\u0119\u0107 telefonicznie.<\/p>\n<p>10. Cena kursu nie obejmuje op\u0142aty za podr\u0119czniki, w kt\u00f3re uczestnik zobowi\u0105zuje si\u0119 zaopatrzy\u0107, je\u015bli kurs, w kt\u00f3rym uczestniczy tego wymaga.<\/p>\n<p>11. W trakcie trwania pakietu ilo\u015b\u0107 os\u00f3b w grupie jest niezmienna.<\/p>\n<p>12. Organizator zastrzega sobie mo\u017cliwo\u015b\u0107 zmiany obowi\u0105zuj\u0105cych cen z pierwszym dniem nast\u0119pnego miesi\u0105ca. O zmianie cennika Organizator poinformuje uczestnik\u00f3w w trakcie zaj\u0119\u0107, niezw\u0142ocznie po podj\u0119ciu decyzji o zmianie.<\/p>\n<p>13. <span style=\"font-weight: 400;\">Uczestnik b\u0119d\u0105cy Konsumentem w rozumieniu Kodeksu Cywilnego, ma prawo odst\u0105pi\u0107 od zawartej z Organizatorem umowy w terminie 14 dni kalendarzowych od dnia zawarcia umowy. Aby skorzysta\u0107 z prawa odst\u0105pienia od umowy, Uczestnik musi poinformowa\u0107 Nauczyciela o swojej decyzji o odst\u0105pieniu od umowy w drodze jednoznacznego o\u015bwiadczenia w formie pisemnej. Aby zachowa\u0107 termin do odst\u0105pienia od umowy, wystarczy, aby Uczestnik wys\u0142a\u0142 informacj\u0119 dotycz\u0105c\u0105 wykonania przys\u0142uguj\u0105cego mu prawa odst\u0105pienia od umowy przed up\u0142ywem terminu do odst\u0105pienia od umowy.<\/span><\/p>\n<p>14. W sytuacji gdy Uczestnik upowa\u017cnia Organizatora do rozpocz\u0119cia zaj\u0119\u0107 przed up\u0142ywem 14 dni kalendarzowych od zawarcia umowy, Uczestnik przyjmuje do wiadomo\u015bci, \u017ce traci 14-dniowe prawo do odst\u0105pienia od umowy z chwil\u0105 rozpocz\u0119cia pierwszych zaj\u0119\u0107. Upowa\u017cnienie musi mie\u0107 form\u0119 pisemn\u0105.<\/p>\n<h4><strong> \u00a73. Prawa i obowi\u0105zki uczestnika:<\/strong><\/h4>\n<p>&nbsp;<\/p>\n<p>1. Uczestnik zobowi\u0105zuje si\u0119 do regularnego i punktualnego ucz\u0119szczania na zaj\u0119cia, przygotowania do zaj\u0119\u0107 oraz aktywnego w nich udzia\u0142u.<\/p>\n<p>2. Uczestnik ma prawo wgl\u0105du do zapisu frekwencji na ka\u017cdej lekcji.<\/p>\n<p>4. W przypadku nie zg\u0142oszenia si\u0119 na zaj\u0119cia w ramach pakietu promocyjnego zaj\u0119cia te przepadaj\u0105 i nie ma mo\u017cliwo\u015bci ich odrobienia.<\/p>\n<p>5. <strong>Uczestnik ma obowi\u0105zek ui\u015bci\u0107 wszystkie op\u0142aty na 24 godzinny przed rozpocz\u0119ciem lekcji.<\/strong><\/p>\n<p>6. Uczestnik ma prawo do 20 minutowej darmowej lekcji pokazowej przed podj\u0119ciem decyzji o rozpocz\u0119ciu zaj\u0119\u0107.<\/p>\n<p>7. Uczestnik wyra\u017ca zgod\u0119 na udost\u0119pnienie OwlsomeEnglish swoich danych kontaktowych, jak numer telefonu, adres email. Dane te wykorzystane b\u0119d\u0105 w celu organizacji lekcji oraz wysy\u0142ania informacji niezb\u0119dnych dla przeprowadzenia zaj\u0119\u0107 lub w sytuacjach nag\u0142ych.<\/p>\n<p>8. Uczestnik zobowi\u0105zuje si\u0119 do zachowania poufno\u015bci. Lekcje nie mog\u0105 by\u0107 rejestrowane w \u017caden spos\u00f3b, uzyskane materia\u0142y mog\u0105 by\u0107 wykorzystywane wy\u0142\u0105cznie do samodzielnego korzystania w zakresie nauki j\u0119zyka. Materia\u0142y nie mog\u0105 by\u0107 wykorzystywane w celach komercyjnych.<\/p>\n<p>&nbsp;<\/p>\n<h4><strong> \u00a74. Postanowienia ko\u0144cowe<\/strong><\/h4>\n<p>&nbsp;<\/p>\n<p>1. Zmiany Regulaminu wymagaj\u0105 formy pisemnej.<\/p>\n<p>2. W sprawach nieuregulowanych postanowieniami niniejszego Regulaminu stosuje si\u0119 odpowiednie przepisy Kodeksu Cywilnego.<\/p>\n<p>[\/et_pb_text][\/et_pb_column][et_pb_column type=&#8221;1_4&#8243; _builder_version=&#8221;4.16&#8243; _module_preset=&#8221;default&#8221; global_colors_info=&#8221;{}&#8221;][\/et_pb_column][\/et_pb_row][\/et_pb_section][et_pb_section fb_built=&#8221;1&#8243; fullwidth=&#8221;on&#8221; admin_label=&#8221;Footer&#8221; _builder_version=&#8221;4.16&#8243; global_colors_info=&#8221;{}&#8221;][et_pb_fullwidth_header title=&#8221;Zarezerwuj termin ju\u017c dzisiaj!&#8221; text_orientation=&#8221;center&#8221; button_one_text=&#8221;Zarezerwuj lekcj\u0119&#8221; button_one_url=&#8221;@ET-DC@eyJkeW5hbWljIjp0cnVlLCJjb250ZW50IjoicG9zdF9saW5rX3VybF9wYWdlIiwic2V0dGluZ3MiOnsicG9zdF9pZCI6IjE5MCJ9fQ==@&#8221; button_two_text=&#8221;Sprawd\u017a sw\u00f3j poziom&#8221; button_two_url=&#8221;@ET-DC@eyJkeW5hbWljIjp0cnVlLCJjb250ZW50IjoicG9zdF9saW5rX3VybF9wYWdlIiwic2V0dGluZ3MiOnsicG9zdF9pZCI6IjI3MiJ9fQ==@&#8221; content_max_width_phone=&#8221;580px&#8221; content_max_width_last_edited=&#8221;off|desktop&#8221; _builder_version=&#8221;4.16&#8243; _dynamic_attributes=&#8221;button_one_url,button_two_url&#8221; title_font=&#8221;EB Garamond||||||||&#8221; title_font_size=&#8221;50px&#8221; title_line_height=&#8221;1.3em&#8221; content_font=&#8221;||||||||&#8221; content_font_size=&#8221;18px&#8221; content_line_height=&#8221;2em&#8221; background_color=&#8221;#FFFFFF&#8221; use_background_color_gradient=&#8221;on&#8221; background_color_gradient_stops=&#8221;#ffffff 0%|rgba(0,0,0,0) 100%&#8221; background_color_gradient_overlays_image=&#8221;on&#8221; background_color_gradient_start=&#8221;#ffffff&#8221; background_color_gradient_end=&#8221;rgba(0,0,0,0)&#8221; background_image=&#8221;http:\/\/owlsomenglish.com\/wp-content\/uploads\/2021\/03\/Home_page_background_2-01-01.png&#8221; background_position=&#8221;bottom_center&#8221; custom_button_one=&#8221;on&#8221; button_one_text_size=&#8221;16px&#8221; button_one_text_color=&#8221;#ffffff&#8221; button_one_bg_color=&#8221;#ff4d54&#8243; button_one_border_width=&#8221;10px&#8221; button_one_border_color=&#8221;rgba(0,0,0,0)&#8221; button_one_border_radius=&#8221;100px&#8221; button_one_letter_spacing=&#8221;1px&#8221; button_one_font=&#8221;|700||on|||||&#8221; custom_button_two=&#8221;on&#8221; button_two_text_size=&#8221;16px&#8221; button_two_text_color=&#8221;#FFFFFF&#8221; button_two_bg_color=&#8221;#0C71C3&#8243; button_two_border_width=&#8221;10px&#8221; button_two_border_color=&#8221;rgba(0,0,0,0)&#8221; button_two_border_radius=&#8221;100px&#8221; button_two_letter_spacing=&#8221;1px&#8221; button_two_font=&#8221;|700||on|||||&#8221; background_layout=&#8221;light&#8221; custom_padding=&#8221;22px||160px||false|&#8221; custom_padding_tablet=&#8221;&#8221; custom_padding_phone=&#8221;20px||20px||true&#8221; custom_padding_last_edited=&#8221;on|phone&#8221; title_font_size_tablet=&#8221;40px&#8221; title_font_size_phone=&#8221;30px&#8221; title_font_size_last_edited=&#8221;on|phone&#8221; content_font_size_tablet=&#8221;&#8221; content_font_size_phone=&#8221;15px&#8221; content_font_size_last_edited=&#8221;on|phone&#8221; border_color_all_image=&#8221;RGBA(0,0,0,0)&#8221; box_shadow_style_button_one=&#8221;preset1&#8243; box_shadow_vertical_button_one=&#8221;10px&#8221; box_shadow_blur_button_one=&#8221;30px&#8221; box_shadow_color_button_one=&#8221;rgba(255,0,8,0.24)&#8221; box_shadow_style_button_two=&#8221;preset1&#8243; box_shadow_vertical_button_two=&#8221;10px&#8221; box_shadow_blur_button_two=&#8221;30px&#8221; box_shadow_color_button_two=&#8221;rgba(60,190,190,0.24)&#8221; button_one_letter_spacing_hover=&#8221;1px&#8221; button_two_letter_spacing_hover=&#8221;1px&#8221; global_colors_info=&#8221;{}&#8221; button_one_text_size__hover_enabled=&#8221;off&#8221; button_two_text_size__hover_enabled=&#8221;off&#8221; button_one_text_color__hover_enabled=&#8221;off&#8221; button_two_text_color__hover_enabled=&#8221;off&#8221; button_one_border_width__hover_enabled=&#8221;off&#8221; button_two_border_width__hover_enabled=&#8221;off&#8221; button_one_border_color__hover_enabled=&#8221;off&#8221; button_two_border_color__hover_enabled=&#8221;off&#8221; button_one_border_radius__hover_enabled=&#8221;off&#8221; button_two_border_radius__hover_enabled=&#8221;off&#8221; button_one_letter_spacing__hover_enabled=&#8221;on&#8221; button_one_letter_spacing__hover=&#8221;1px&#8221; button_two_letter_spacing__hover_enabled=&#8221;on&#8221; button_two_letter_spacing__hover=&#8221;1px&#8221; button_one_bg_color__hover_enabled=&#8221;off&#8221; button_two_bg_color__hover_enabled=&#8221;off&#8221;]<\/p>\n<p>Zarezerwuj kolejne zaj\u0119cia lub swoj\u0105 pierwsz\u0105 darmow\u0105 lekcj\u0119. Pierwsze zaj\u0119cia trwaj\u0105 20 minut, pomagaj\u0105 w wyborze najlepszego kursu dla Ciebie!<\/p>\n<p>[\/et_pb_fullwidth_header][\/et_pb_section]<\/p>\n","protected":false},"excerpt":{"rendered":"<p>Regulamin promocji &#8222;W pakiecie taniej&#8221;Niniejszy Regulamin okre\u015bla zasady, zakres i warunki uczestnictwa w zaj\u0119ciach Owlsome English, zwanego dalej Organizatorem, w ramach promocji &#8222;W pakiecie taniej&#8221;. Uczestnik zaj\u0119\u0107 zwany jest Uczestnikiem lub S\u0142uchaczem. &nbsp; \u00a71. Warunki uczestnictwa w zaj\u0119ciach: 1. W zaj\u0119ciach mo\u017ce uczestniczy\u0107 s\u0142uchacz, kt\u00f3ry: a) zapozna\u0142 si\u0119 z niniejszym regulaminem i zobowi\u0105za\u0142 si\u0119 do [&hellip;]<\/p>\n","protected":false},"author":1,"featured_media":0,"parent":3,"menu_order":0,"comment_status":"closed","ping_status":"closed","template":"","meta":{"_et_pb_use_builder":"on","_et_pb_old_content":"","_et_gb_content_width":"","footnotes":""},"class_list":["post-1100","page","type-page","status-publish","hentry"],"aioseo_notices":[],"_links":{"self":[{"href":"https:\/\/owlsomenglish.com\/index.php\/wp-json\/wp\/v2\/pages\/1100","targetHints":{"allow":["GET"]}}],"collection":[{"href":"https:\/\/owlsomenglish.com\/index.php\/wp-json\/wp\/v2\/pages"}],"about":[{"href":"https:\/\/owlsomenglish.com\/index.php\/wp-json\/wp\/v2\/types\/page"}],"author":[{"embeddable":true,"href":"https:\/\/owlsomenglish.com\/index.php\/wp-json\/wp\/v2\/users\/1"}],"replies":[{"embeddable":true,"href":"https:\/\/owlsomenglish.com\/index.php\/wp-json\/wp\/v2\/comments?post=1100"}],"version-history":[{"count":8,"href":"https:\/\/owlsomenglish.com\/index.php\/wp-json\/wp\/v2\/pages\/1100\/revisions"}],"predecessor-version":[{"id":1486,"href":"https:\/\/owlsomenglish.com\/index.php\/wp-json\/wp\/v2\/pages\/1100\/revisions\/1486"}],"up":[{"embeddable":true,"href":"https:\/\/owlsomenglish.com\/index.php\/wp-json\/wp\/v2\/pages\/3"}],"wp:attachment":[{"href":"https:\/\/owlsomenglish.com\/index.php\/wp-json\/wp\/v2\/media?parent=1100"}],"curies":[{"name":"wp","href":"https:\/\/api.w.org\/{rel}","templated":true}]}}